{"id":769,"date":"2024-02-13T13:10:01","date_gmt":"2024-02-13T12:10:01","guid":{"rendered":"https:\/\/www.apartmanyopera.sk\/?page_id=769"},"modified":"2025-09-04T15:16:24","modified_gmt":"2025-09-04T13:16:24","slug":"home","status":"publish","type":"page","link":"https:\/\/www.apartmanyopera.sk\/en\/","title":{"rendered":"Home"},"content":{"rendered":"\t\t<div data-elementor-type=\"wp-page\" data-elementor-id=\"769\" class=\"elementor elementor-769 elementor-10\" data-elementor-post-type=\"page\">\n\t\t\t\t<div class=\"elementor-element elementor-element-a9bd9af e-flex e-con-boxed e-con e-parent\" data-id=\"a9bd9af\" data-element_type=\"container\" data-e-type=\"container\" data-settings=\"{&quot;background_background&quot;:&quot;video&quot;,&quot;background_video_link&quot;:&quot;https:\\\/\\\/youtu.be\\\/Qu8IKhaXwyw&quot;,&quot;background_play_on_mobile&quot;:&quot;yes&quot;,&quot;background_privacy_mode&quot;:&quot;yes&quot;}\">\n\t\t\t\t\t<div class=\"e-con-inner\">\n\t\t<div class=\"elementor-background-video-container\">\n\t\t\t\t\t\t\t<div class=\"elementor-background-video-embed\" role=\"presentation\"><\/div>\n\t\t\t\t\t\t<\/div>\t\t<div class=\"elementor-element elementor-element-e668a45 elementor-widget elementor-widget-heading\" data-id=\"e668a45\" data-element_type=\"widget\" data-e-type=\"widget\" data-widget_type=\"heading.default\">\n\t\t\t\t<div class=\"elementor-widget-container\">\n\t\t\t\t\t<h1 class=\"elementor-heading-title elementor-size-default\">Opera Apartments<br>Bansk\u00e1 \u0160tiavnica <\/h1>\t\t\t\t<\/div>\n\t\t\t\t<\/div>\n\t\t\t\t<div class=\"elementor-element elementor-element-92dc54d elementor-widget elementor-widget-text-editor\" data-id=\"92dc54d\" data-element_type=\"widget\" data-e-type=\"widget\" data-widget_type=\"text-editor.default\">\n\t\t\t\t<div class=\"elementor-widget-container\">\n\t\t\t\t\t\t\t\t\t<p>Romantic accommodation in apartments<br \/>in the center of Bansk\u00e1 \u0160tiavnica<\/p>\t\t\t\t\t\t\t\t<\/div>\n\t\t\t\t<\/div>\n\t\t\t\t<div class=\"elementor-element elementor-element-b9d228b elementor-align-center elementor-widget elementor-widget-button\" data-id=\"b9d228b\" data-element_type=\"widget\" data-e-type=\"widget\" data-widget_type=\"button.default\">\n\t\t\t\t<div class=\"elementor-widget-container\">\n\t\t\t\t\t\t\t\t\t<div class=\"elementor-button-wrapper\">\n\t\t\t\t\t<a class=\"elementor-button elementor-button-link elementor-size-sm elementor-animation-grow\" href=\"https:\/\/www.apartmanyopera.sk\/en\/apartments\/\">\n\t\t\t\t\t\t<span class=\"elementor-button-content-wrapper\">\n\t\t\t\t\t\t\t\t\t<span class=\"elementor-button-text\">Explore the apartments<\/span>\n\t\t\t\t\t<\/span>\n\t\t\t\t\t<\/a>\n\t\t\t\t<\/div>\n\t\t\t\t\t\t\t\t<\/div>\n\t\t\t\t<\/div>\n\t\t\t\t\t<\/div>\n\t\t\t\t<\/div>\n\t\t<div class=\"elementor-element elementor-element-ce3b19f e-flex e-con-boxed e-con e-parent\" data-id=\"ce3b19f\" data-element_type=\"container\" data-e-type=\"container\" data-settings=\"{&quot;background_background&quot;:&quot;gradient&quot;}\">\n\t\t\t\t\t<div class=\"e-con-inner\">\n\t\t<div class=\"elementor-element elementor-element-15b6353 e-con-full e-flex e-con e-child\" data-id=\"15b6353\" data-element_type=\"container\" data-e-type=\"container\" data-settings=\"{&quot;background_background&quot;:&quot;classic&quot;}\">\n\t\t\t\t<div class=\"elementor-element elementor-element-d89f37d elementor-widget elementor-widget-heading\" data-id=\"d89f37d\" data-element_type=\"widget\" data-e-type=\"widget\" data-widget_type=\"heading.default\">\n\t\t\t\t<div class=\"elementor-widget-container\">\n\t\t\t\t\t<h2 class=\"elementor-heading-title elementor-size-default\"><a href=\"https:\/\/www.apartmanyopera.sk\/en\/apartments\/\">Accommodation in Bansk\u00e1 \u0160tiavnica<\/a><\/h2>\t\t\t\t<\/div>\n\t\t\t\t<\/div>\n\t\t\t\t<div class=\"elementor-element elementor-element-b7a23b3 elementor-widget elementor-widget-text-editor\" data-id=\"b7a23b3\" data-element_type=\"widget\" data-e-type=\"widget\" data-widget_type=\"text-editor.default\">\n\t\t\t\t<div class=\"elementor-widget-container\">\n\t\t\t\t\t\t\t\t\t<p>Apartments Opera are located in the historic center of Bansk\u00e1 \u0160tiavnica, just a few minutes&#8217; walk from the Holy Trinity Square, Old Castle, New Castle and other sights that are definitely worth visiting in our city.<\/p><p>In addition, you can enjoy a romantic atmosphere in our apartments, where history and luxury are perfectly combined. Choose the best from our offer of accommodation and enjoy an unforgettable stay in picturesque Bansk\u00e1 \u0160tiavnica.<\/p>\t\t\t\t\t\t\t\t<\/div>\n\t\t\t\t<\/div>\n\t\t\t\t<div class=\"elementor-element elementor-element-1943e64 elementor-widget elementor-widget-text-editor\" data-id=\"1943e64\" data-element_type=\"widget\" data-e-type=\"widget\" data-widget_type=\"text-editor.default\">\n\t\t\t\t<div class=\"elementor-widget-container\">\n\t\t\t\t\t\t\t\t\t<p>It is not possible to issue an invoice for the purpose of reimbursing the recreation allowance.<\/p>\t\t\t\t\t\t\t\t<\/div>\n\t\t\t\t<\/div>\n\t\t\t\t<div class=\"elementor-element elementor-element-cd15cf0 elementor-align-left elementor-widget elementor-widget-button\" data-id=\"cd15cf0\" data-element_type=\"widget\" data-e-type=\"widget\" data-widget_type=\"button.default\">\n\t\t\t\t<div class=\"elementor-widget-container\">\n\t\t\t\t\t\t\t\t\t<div class=\"elementor-button-wrapper\">\n\t\t\t\t\t<a class=\"elementor-button elementor-button-link elementor-size-sm elementor-animation-grow\" href=\"https:\/\/www.apartmanyopera.sk\/en\/apartments\/\">\n\t\t\t\t\t\t<span class=\"elementor-button-content-wrapper\">\n\t\t\t\t\t\t\t\t\t<span class=\"elementor-button-text\">Explore the apartments<\/span>\n\t\t\t\t\t<\/span>\n\t\t\t\t\t<\/a>\n\t\t\t\t<\/div>\n\t\t\t\t\t\t\t\t<\/div>\n\t\t\t\t<\/div>\n\t\t\t\t<\/div>\n\t\t<div class=\"elementor-element elementor-element-9df12a8 e-con-full e-flex e-con e-child\" data-id=\"9df12a8\" data-element_type=\"container\" data-e-type=\"container\">\n\t\t\t\t<div class=\"elementor-element elementor-element-8e299b8 elementor-widget elementor-widget-image\" data-id=\"8e299b8\" data-element_type=\"widget\" data-e-type=\"widget\" data-widget_type=\"image.default\">\n\t\t\t\t<div class=\"elementor-widget-container\">\n\t\t\t\t\t\t\t\t\t\t\t\t\t\t\t\t<a href=\"https:\/\/www.apartmanyopera.sk\/apartmany\/\">\n\t\t\t\t\t\t\t<img fetchpriority=\"high\" decoding=\"async\" width=\"800\" height=\"600\" src=\"https:\/\/www.apartmanyopera.sk\/wp-content\/uploads\/2024\/02\/IMG_2560-1024x768.webp\" class=\"elementor-animation-shrink attachment-large size-large wp-image-772\" alt=\"\" srcset=\"https:\/\/www.apartmanyopera.sk\/wp-content\/uploads\/2024\/02\/IMG_2560-1024x768.webp 1024w, https:\/\/www.apartmanyopera.sk\/wp-content\/uploads\/2024\/02\/IMG_2560-300x225.webp 300w, https:\/\/www.apartmanyopera.sk\/wp-content\/uploads\/2024\/02\/IMG_2560-768x576.webp 768w, https:\/\/www.apartmanyopera.sk\/wp-content\/uploads\/2024\/02\/IMG_2560-1536x1152.webp 1536w, https:\/\/www.apartmanyopera.sk\/wp-content\/uploads\/2024\/02\/IMG_2560-2048x1536.webp 2048w\" sizes=\"(max-width: 800px) 100vw, 800px\" \/>\t\t\t\t\t\t\t\t<\/a>\n\t\t\t\t\t\t\t\t\t\t\t\t\t\t\t<\/div>\n\t\t\t\t<\/div>\n\t\t\t\t<\/div>\n\t\t\t\t\t<\/div>\n\t\t\t\t<\/div>\n\t\t<div class=\"elementor-element elementor-element-d64ae20 e-flex e-con-boxed e-con e-parent\" data-id=\"d64ae20\" data-element_type=\"container\" data-e-type=\"container\" data-settings=\"{&quot;background_background&quot;:&quot;classic&quot;}\">\n\t\t\t\t\t<div class=\"e-con-inner\">\n\t\t<div class=\"elementor-element elementor-element-421f9ce e-con-full e-flex e-con e-child\" data-id=\"421f9ce\" data-element_type=\"container\" data-e-type=\"container\">\n\t\t\t\t<div class=\"elementor-element elementor-element-1a1c6fc elementor-widget elementor-widget-image\" data-id=\"1a1c6fc\" data-element_type=\"widget\" data-e-type=\"widget\" data-widget_type=\"image.default\">\n\t\t\t\t<div class=\"elementor-widget-container\">\n\t\t\t\t\t\t\t\t\t\t\t\t\t\t\t\t<a href=\"https:\/\/www.apartmanyopera.sk\/okolie\/\">\n\t\t\t\t\t\t\t<img decoding=\"async\" width=\"800\" height=\"546\" src=\"https:\/\/www.apartmanyopera.sk\/wp-content\/uploads\/2024\/02\/shutterstock_207430666-jpg.webp\" class=\"elementor-animation-shrink attachment-large size-large wp-image-771\" alt=\"\" srcset=\"https:\/\/www.apartmanyopera.sk\/wp-content\/uploads\/2024\/02\/shutterstock_207430666-jpg.webp 1000w, https:\/\/www.apartmanyopera.sk\/wp-content\/uploads\/2024\/02\/shutterstock_207430666-300x205.webp 300w, https:\/\/www.apartmanyopera.sk\/wp-content\/uploads\/2024\/02\/shutterstock_207430666-768x524.webp 768w\" sizes=\"(max-width: 800px) 100vw, 800px\" \/>\t\t\t\t\t\t\t\t<\/a>\n\t\t\t\t\t\t\t\t\t\t\t\t\t\t\t<\/div>\n\t\t\t\t<\/div>\n\t\t\t\t<\/div>\n\t\t<div class=\"elementor-element elementor-element-8fe865d e-con-full e-flex e-con e-child\" data-id=\"8fe865d\" data-element_type=\"container\" data-e-type=\"container\" data-settings=\"{&quot;background_background&quot;:&quot;classic&quot;}\">\n\t\t\t\t<div class=\"elementor-element elementor-element-7850b84 elementor-widget elementor-widget-heading\" data-id=\"7850b84\" data-element_type=\"widget\" data-e-type=\"widget\" data-widget_type=\"heading.default\">\n\t\t\t\t<div class=\"elementor-widget-container\">\n\t\t\t\t\t<h3 class=\"elementor-heading-title elementor-size-default\"><a href=\"https:\/\/www.apartmanyopera.sk\/en\/surroundings\/\">Explore the picturesque surroundings<\/a><\/h3>\t\t\t\t<\/div>\n\t\t\t\t<\/div>\n\t\t\t\t<div class=\"elementor-element elementor-element-8b0dfef elementor-widget elementor-widget-text-editor\" data-id=\"8b0dfef\" data-element_type=\"widget\" data-e-type=\"widget\" data-widget_type=\"text-editor.default\">\n\t\t\t\t<div class=\"elementor-widget-container\">\n\t\t\t\t\t\t\t\t\t<p>Bansk\u00e1 \u0160tianica is a beautiful historical town, surrounded by unique nature. With well-preserved medieval architecture, picturesque cobbled streets and charming squares, this city is a must-see destination for anyone interested in experiencing the rich culture and history of Slovakia.<\/p><p>In addition to its architectural and cultural attractions, the city is also known for its many hiking and cycling routes, as well as its refreshing thermal springs, mineral waters, and its lakes. Whether you are looking for a relaxing vacation or an exciting adventure, Bansk\u00e1 \u0160tiavnica and its surroundings will definitely leave a lasting impression on you.<\/p>\t\t\t\t\t\t\t\t<\/div>\n\t\t\t\t<\/div>\n\t\t\t\t<div class=\"elementor-element elementor-element-bf2a469 elementor-align-left elementor-widget elementor-widget-button\" data-id=\"bf2a469\" data-element_type=\"widget\" data-e-type=\"widget\" data-widget_type=\"button.default\">\n\t\t\t\t<div class=\"elementor-widget-container\">\n\t\t\t\t\t\t\t\t\t<div class=\"elementor-button-wrapper\">\n\t\t\t\t\t<a class=\"elementor-button elementor-button-link elementor-size-sm elementor-animation-grow\" href=\"https:\/\/www.apartmanyopera.sk\/en\/surroundings\/\">\n\t\t\t\t\t\t<span class=\"elementor-button-content-wrapper\">\n\t\t\t\t\t\t\t\t\t<span class=\"elementor-button-text\">FIND OUT MORE<\/span>\n\t\t\t\t\t<\/span>\n\t\t\t\t\t<\/a>\n\t\t\t\t<\/div>\n\t\t\t\t\t\t\t\t<\/div>\n\t\t\t\t<\/div>\n\t\t\t\t<\/div>\n\t\t\t\t\t<\/div>\n\t\t\t\t<\/div>\n\t\t<div class=\"elementor-element elementor-element-ac14936 e-flex e-con-boxed e-con e-parent\" data-id=\"ac14936\" data-element_type=\"container\" data-e-type=\"container\" data-settings=\"{&quot;background_background&quot;:&quot;classic&quot;}\">\n\t\t\t\t\t<div class=\"e-con-inner\">\n\t\t<div class=\"elementor-element elementor-element-622f619 e-con-full e-flex e-con e-child\" data-id=\"622f619\" data-element_type=\"container\" data-e-type=\"container\" data-settings=\"{&quot;background_background&quot;:&quot;classic&quot;}\">\n\t\t\t\t<div class=\"elementor-element elementor-element-c641086 elementor-widget elementor-widget-heading\" data-id=\"c641086\" data-element_type=\"widget\" data-e-type=\"widget\" data-widget_type=\"heading.default\">\n\t\t\t\t<div class=\"elementor-widget-container\">\n\t\t\t\t\t<h4 class=\"elementor-heading-title elementor-size-default\">Bansk\u00e1 \u0160tiavnica will enchant you<\/h4>\t\t\t\t<\/div>\n\t\t\t\t<\/div>\n\t\t\t\t<div class=\"elementor-element elementor-element-85520e4 elementor-widget elementor-widget-text-editor\" data-id=\"85520e4\" data-element_type=\"widget\" data-e-type=\"widget\" data-widget_type=\"text-editor.default\">\n\t\t\t\t<div class=\"elementor-widget-container\">\n\t\t\t\t\t\t\t\t\t<p>Come experience and enjoy the atmosphere of Bansk\u00e1 \u0160tiavnica for yourself. Whether you are going to enjoy romance in winter and enjoy the snowy landscape, or you prefer warmer weather for your trips, our city and the surrounding nature always have something to offer you.<\/p>\t\t\t\t\t\t\t\t<\/div>\n\t\t\t\t<\/div>\n\t\t\t\t<div class=\"elementor-element elementor-element-0a29ec2 elementor-widget elementor-widget-gallery\" data-id=\"0a29ec2\" data-element_type=\"widget\" data-e-type=\"widget\" data-settings=\"{&quot;columns&quot;:5,&quot;columns_tablet&quot;:5,&quot;columns_mobile&quot;:2,&quot;gap&quot;:{&quot;unit&quot;:&quot;px&quot;,&quot;size&quot;:12,&quot;sizes&quot;:[]},&quot;aspect_ratio&quot;:&quot;9:16&quot;,&quot;lazyload&quot;:&quot;yes&quot;,&quot;gallery_layout&quot;:&quot;grid&quot;,&quot;gap_tablet&quot;:{&quot;unit&quot;:&quot;px&quot;,&quot;size&quot;:10,&quot;sizes&quot;:[]},&quot;gap_mobile&quot;:{&quot;unit&quot;:&quot;px&quot;,&quot;size&quot;:10,&quot;sizes&quot;:[]},&quot;link_to&quot;:&quot;file&quot;,&quot;overlay_background&quot;:&quot;yes&quot;,&quot;content_hover_animation&quot;:&quot;fade-in&quot;}\" data-widget_type=\"gallery.default\">\n\t\t\t\t<div class=\"elementor-widget-container\">\n\t\t\t\t\t\t\t<div class=\"elementor-gallery__container\">\n\t\t\t\t\t\t\t<a class=\"e-gallery-item elementor-gallery-item elementor-animated-content\" href=\"https:\/\/www.apartmanyopera.sk\/wp-content\/uploads\/2024\/02\/img_44-scaled.webp\" data-elementor-open-lightbox=\"yes\" data-elementor-lightbox-slideshow=\"0a29ec2\" data-e-action-hash=\"#elementor-action%3Aaction%3Dlightbox%26settings%3DeyJpZCI6ODMyLCJ1cmwiOiJodHRwczpcL1wvd3d3LmFwYXJ0bWFueW9wZXJhLnNrXC93cC1jb250ZW50XC91cGxvYWRzXC8yMDI0XC8wMlwvaW1nXzQ0LXNjYWxlZC53ZWJwIiwic2xpZGVzaG93IjoiMGEyOWVjMiJ9\">\n\t\t\t\t\t<div class=\"e-gallery-image elementor-gallery-item__image\" data-thumbnail=\"https:\/\/www.apartmanyopera.sk\/wp-content\/uploads\/2024\/02\/img_44-768x1024.webp\" data-width=\"768\" data-height=\"1024\" aria-label=\"\" role=\"img\" ><\/div>\n\t\t\t\t\t\t\t\t\t\t\t<div class=\"elementor-gallery-item__overlay\"><\/div>\n\t\t\t\t\t\t\t\t\t\t\t\t\t\t<\/a>\n\t\t\t\t\t\t\t<a class=\"e-gallery-item elementor-gallery-item elementor-animated-content\" href=\"https:\/\/www.apartmanyopera.sk\/wp-content\/uploads\/2024\/02\/img_42-scaled.webp\" data-elementor-open-lightbox=\"yes\" data-elementor-lightbox-slideshow=\"0a29ec2\" data-e-action-hash=\"#elementor-action%3Aaction%3Dlightbox%26settings%3DeyJpZCI6ODMwLCJ1cmwiOiJodHRwczpcL1wvd3d3LmFwYXJ0bWFueW9wZXJhLnNrXC93cC1jb250ZW50XC91cGxvYWRzXC8yMDI0XC8wMlwvaW1nXzQyLXNjYWxlZC53ZWJwIiwic2xpZGVzaG93IjoiMGEyOWVjMiJ9\">\n\t\t\t\t\t<div class=\"e-gallery-image elementor-gallery-item__image\" data-thumbnail=\"https:\/\/www.apartmanyopera.sk\/wp-content\/uploads\/2024\/02\/img_42-768x1024.webp\" data-width=\"768\" data-height=\"1024\" aria-label=\"\" role=\"img\" ><\/div>\n\t\t\t\t\t\t\t\t\t\t\t<div class=\"elementor-gallery-item__overlay\"><\/div>\n\t\t\t\t\t\t\t\t\t\t\t\t\t\t<\/a>\n\t\t\t\t\t\t\t<a class=\"e-gallery-item elementor-gallery-item elementor-animated-content\" href=\"https:\/\/www.apartmanyopera.sk\/wp-content\/uploads\/2024\/02\/img_17-scaled.webp\" data-elementor-open-lightbox=\"yes\" data-elementor-lightbox-slideshow=\"0a29ec2\" data-e-action-hash=\"#elementor-action%3Aaction%3Dlightbox%26settings%3DeyJpZCI6ODA1LCJ1cmwiOiJodHRwczpcL1wvd3d3LmFwYXJ0bWFueW9wZXJhLnNrXC93cC1jb250ZW50XC91cGxvYWRzXC8yMDI0XC8wMlwvaW1nXzE3LXNjYWxlZC53ZWJwIiwic2xpZGVzaG93IjoiMGEyOWVjMiJ9\">\n\t\t\t\t\t<div class=\"e-gallery-image elementor-gallery-item__image\" data-thumbnail=\"https:\/\/www.apartmanyopera.sk\/wp-content\/uploads\/2024\/02\/img_17-768x1024.webp\" data-width=\"768\" data-height=\"1024\" aria-label=\"\" role=\"img\" ><\/div>\n\t\t\t\t\t\t\t\t\t\t\t<div class=\"elementor-gallery-item__overlay\"><\/div>\n\t\t\t\t\t\t\t\t\t\t\t\t\t\t<\/a>\n\t\t\t\t\t\t\t<a class=\"e-gallery-item elementor-gallery-item elementor-animated-content\" href=\"https:\/\/www.apartmanyopera.sk\/wp-content\/uploads\/2024\/02\/img_5-scaled.webp\" data-elementor-open-lightbox=\"yes\" data-elementor-lightbox-slideshow=\"0a29ec2\" data-e-action-hash=\"#elementor-action%3Aaction%3Dlightbox%26settings%3DeyJpZCI6NzkzLCJ1cmwiOiJodHRwczpcL1wvd3d3LmFwYXJ0bWFueW9wZXJhLnNrXC93cC1jb250ZW50XC91cGxvYWRzXC8yMDI0XC8wMlwvaW1nXzUtc2NhbGVkLndlYnAiLCJzbGlkZXNob3ciOiIwYTI5ZWMyIn0%3D\">\n\t\t\t\t\t<div class=\"e-gallery-image elementor-gallery-item__image\" data-thumbnail=\"https:\/\/www.apartmanyopera.sk\/wp-content\/uploads\/2024\/02\/img_5-768x1024.webp\" data-width=\"768\" data-height=\"1024\" aria-label=\"\" role=\"img\" ><\/div>\n\t\t\t\t\t\t\t\t\t\t\t<div class=\"elementor-gallery-item__overlay\"><\/div>\n\t\t\t\t\t\t\t\t\t\t\t\t\t\t<\/a>\n\t\t\t\t\t\t\t<a class=\"e-gallery-item elementor-gallery-item elementor-animated-content\" href=\"https:\/\/www.apartmanyopera.sk\/wp-content\/uploads\/2024\/02\/img_50-scaled.webp\" data-elementor-open-lightbox=\"yes\" data-elementor-lightbox-slideshow=\"0a29ec2\" data-e-action-hash=\"#elementor-action%3Aaction%3Dlightbox%26settings%3DeyJpZCI6ODM4LCJ1cmwiOiJodHRwczpcL1wvd3d3LmFwYXJ0bWFueW9wZXJhLnNrXC93cC1jb250ZW50XC91cGxvYWRzXC8yMDI0XC8wMlwvaW1nXzUwLXNjYWxlZC53ZWJwIiwic2xpZGVzaG93IjoiMGEyOWVjMiJ9\">\n\t\t\t\t\t<div class=\"e-gallery-image elementor-gallery-item__image\" data-thumbnail=\"https:\/\/www.apartmanyopera.sk\/wp-content\/uploads\/2024\/02\/img_50-768x1152.webp\" data-width=\"768\" data-height=\"1152\" aria-label=\"\" role=\"img\" ><\/div>\n\t\t\t\t\t\t\t\t\t\t\t<div class=\"elementor-gallery-item__overlay\"><\/div>\n\t\t\t\t\t\t\t\t\t\t\t\t\t\t<\/a>\n\t\t\t\t\t\t\t<a class=\"e-gallery-item elementor-gallery-item elementor-animated-content\" href=\"https:\/\/www.apartmanyopera.sk\/wp-content\/uploads\/2024\/02\/img_1-scaled.webp\" data-elementor-open-lightbox=\"yes\" data-elementor-lightbox-slideshow=\"0a29ec2\" data-e-action-hash=\"#elementor-action%3Aaction%3Dlightbox%26settings%3DeyJpZCI6Nzg5LCJ1cmwiOiJodHRwczpcL1wvd3d3LmFwYXJ0bWFueW9wZXJhLnNrXC93cC1jb250ZW50XC91cGxvYWRzXC8yMDI0XC8wMlwvaW1nXzEtc2NhbGVkLndlYnAiLCJzbGlkZXNob3ciOiIwYTI5ZWMyIn0%3D\">\n\t\t\t\t\t<div class=\"e-gallery-image elementor-gallery-item__image\" data-thumbnail=\"https:\/\/www.apartmanyopera.sk\/wp-content\/uploads\/2024\/02\/img_1-768x1024.webp\" data-width=\"768\" data-height=\"1024\" aria-label=\"\" role=\"img\" ><\/div>\n\t\t\t\t\t\t\t\t\t\t\t<div class=\"elementor-gallery-item__overlay\"><\/div>\n\t\t\t\t\t\t\t\t\t\t\t\t\t\t<\/a>\n\t\t\t\t\t\t\t<a class=\"e-gallery-item elementor-gallery-item elementor-animated-content\" href=\"https:\/\/www.apartmanyopera.sk\/wp-content\/uploads\/2024\/02\/img_74-scaled.webp\" data-elementor-open-lightbox=\"yes\" data-elementor-lightbox-slideshow=\"0a29ec2\" data-e-action-hash=\"#elementor-action%3Aaction%3Dlightbox%26settings%3DeyJpZCI6NzgyLCJ1cmwiOiJodHRwczpcL1wvd3d3LmFwYXJ0bWFueW9wZXJhLnNrXC93cC1jb250ZW50XC91cGxvYWRzXC8yMDI0XC8wMlwvaW1nXzc0LXNjYWxlZC53ZWJwIiwic2xpZGVzaG93IjoiMGEyOWVjMiJ9\">\n\t\t\t\t\t<div class=\"e-gallery-image elementor-gallery-item__image\" data-thumbnail=\"https:\/\/www.apartmanyopera.sk\/wp-content\/uploads\/2024\/02\/img_74-768x1152.webp\" data-width=\"768\" data-height=\"1152\" aria-label=\"\" role=\"img\" ><\/div>\n\t\t\t\t\t\t\t\t\t\t\t<div class=\"elementor-gallery-item__overlay\"><\/div>\n\t\t\t\t\t\t\t\t\t\t\t\t\t\t<\/a>\n\t\t\t\t\t\t\t<a class=\"e-gallery-item elementor-gallery-item elementor-animated-content\" href=\"https:\/\/www.apartmanyopera.sk\/wp-content\/uploads\/2024\/02\/img_59-scaled.webp\" data-elementor-open-lightbox=\"yes\" data-elementor-lightbox-slideshow=\"0a29ec2\" data-e-action-hash=\"#elementor-action%3Aaction%3Dlightbox%26settings%3DeyJpZCI6ODQ3LCJ1cmwiOiJodHRwczpcL1wvd3d3LmFwYXJ0bWFueW9wZXJhLnNrXC93cC1jb250ZW50XC91cGxvYWRzXC8yMDI0XC8wMlwvaW1nXzU5LXNjYWxlZC53ZWJwIiwic2xpZGVzaG93IjoiMGEyOWVjMiJ9\">\n\t\t\t\t\t<div class=\"e-gallery-image elementor-gallery-item__image\" data-thumbnail=\"https:\/\/www.apartmanyopera.sk\/wp-content\/uploads\/2024\/02\/img_59-768x1152.webp\" data-width=\"768\" data-height=\"1152\" aria-label=\"\" role=\"img\" ><\/div>\n\t\t\t\t\t\t\t\t\t\t\t<div class=\"elementor-gallery-item__overlay\"><\/div>\n\t\t\t\t\t\t\t\t\t\t\t\t\t\t<\/a>\n\t\t\t\t\t\t\t<a class=\"e-gallery-item elementor-gallery-item elementor-animated-content\" href=\"https:\/\/www.apartmanyopera.sk\/wp-content\/uploads\/2024\/02\/shutterstock_64733968-jpg.webp\" data-elementor-open-lightbox=\"yes\" data-elementor-lightbox-slideshow=\"0a29ec2\" data-e-action-hash=\"#elementor-action%3Aaction%3Dlightbox%26settings%3DeyJpZCI6ODU1LCJ1cmwiOiJodHRwczpcL1wvd3d3LmFwYXJ0bWFueW9wZXJhLnNrXC93cC1jb250ZW50XC91cGxvYWRzXC8yMDI0XC8wMlwvc2h1dHRlcnN0b2NrXzY0NzMzOTY4LWpwZy53ZWJwIiwic2xpZGVzaG93IjoiMGEyOWVjMiJ9\">\n\t\t\t\t\t<div class=\"e-gallery-image elementor-gallery-item__image\" data-thumbnail=\"https:\/\/www.apartmanyopera.sk\/wp-content\/uploads\/2024\/02\/shutterstock_64733968-jpg.webp\" data-width=\"670\" data-height=\"1000\" aria-label=\"\" role=\"img\" ><\/div>\n\t\t\t\t\t\t\t\t\t\t\t<div class=\"elementor-gallery-item__overlay\"><\/div>\n\t\t\t\t\t\t\t\t\t\t\t\t\t\t<\/a>\n\t\t\t\t\t\t\t<a class=\"e-gallery-item elementor-gallery-item elementor-animated-content\" href=\"https:\/\/www.apartmanyopera.sk\/wp-content\/uploads\/2024\/02\/shutterstock_1192437493-jpg.webp\" data-elementor-open-lightbox=\"yes\" data-elementor-lightbox-slideshow=\"0a29ec2\" data-e-action-hash=\"#elementor-action%3Aaction%3Dlightbox%26settings%3DeyJpZCI6ODU4LCJ1cmwiOiJodHRwczpcL1wvd3d3LmFwYXJ0bWFueW9wZXJhLnNrXC93cC1jb250ZW50XC91cGxvYWRzXC8yMDI0XC8wMlwvc2h1dHRlcnN0b2NrXzExOTI0Mzc0OTMtanBnLndlYnAiLCJzbGlkZXNob3ciOiIwYTI5ZWMyIn0%3D\">\n\t\t\t\t\t<div class=\"e-gallery-image elementor-gallery-item__image\" data-thumbnail=\"https:\/\/www.apartmanyopera.sk\/wp-content\/uploads\/2024\/02\/shutterstock_1192437493-768x542.webp\" data-width=\"768\" data-height=\"542\" aria-label=\"\" role=\"img\" ><\/div>\n\t\t\t\t\t\t\t\t\t\t\t<div class=\"elementor-gallery-item__overlay\"><\/div>\n\t\t\t\t\t\t\t\t\t\t\t\t\t\t<\/a>\n\t\t\t\t\t<\/div>\n\t\t\t\t\t<\/div>\n\t\t\t\t<\/div>\n\t\t\t\t<div class=\"elementor-element elementor-element-8c1da59 elementor-align-center elementor-widget elementor-widget-button\" data-id=\"8c1da59\" data-element_type=\"widget\" data-e-type=\"widget\" data-widget_type=\"button.default\">\n\t\t\t\t<div class=\"elementor-widget-container\">\n\t\t\t\t\t\t\t\t\t<div class=\"elementor-button-wrapper\">\n\t\t\t\t\t<a class=\"elementor-button elementor-button-link elementor-size-sm elementor-animation-grow\" href=\"https:\/\/www.apartmanyopera.sk\/en\/apartments\/\">\n\t\t\t\t\t\t<span class=\"elementor-button-content-wrapper\">\n\t\t\t\t\t\t\t\t\t<span class=\"elementor-button-text\">Book an apartment<\/span>\n\t\t\t\t\t<\/span>\n\t\t\t\t\t<\/a>\n\t\t\t\t<\/div>\n\t\t\t\t\t\t\t\t<\/div>\n\t\t\t\t<\/div>\n\t\t\t\t<\/div>\n\t\t\t\t\t<\/div>\n\t\t\t\t<\/div>\n\t\t<div class=\"elementor-element elementor-element-8d9b16d e-con-full e-flex e-con e-parent\" data-id=\"8d9b16d\" data-element_type=\"container\" data-e-type=\"container\">\n\t\t\t\t<div class=\"elementor-element elementor-element-d15a4f9 elementor-widget elementor-widget-google_maps\" data-id=\"d15a4f9\" data-element_type=\"widget\" data-e-type=\"widget\" data-widget_type=\"google_maps.default\">\n\t\t\t\t<div class=\"elementor-widget-container\">\n\t\t\t\t\t\t\t<div class=\"elementor-custom-embed\">\n\t\t\t<iframe loading=\"lazy\"\n\t\t\t\t\tsrc=\"https:\/\/maps.google.com\/maps?q=apartmany%20opera%20banska%20stiavnica&#038;t=m&#038;z=14&#038;output=embed&#038;iwloc=near\"\n\t\t\t\t\ttitle=\"apartmany opera banska stiavnica\"\n\t\t\t\t\taria-label=\"apartmany opera banska stiavnica\"\n\t\t\t><\/iframe>\n\t\t<\/div>\n\t\t\t\t\t\t<\/div>\n\t\t\t\t<\/div>\n\t\t\t\t<\/div>\n\t\t\t\t<\/div>\n\t\t","protected":false},"excerpt":{"rendered":"<p>Opera ApartmentsBansk\u00e1 \u0160tiavnica Romantic accommodation in apartmentsin the center of Bansk\u00e1 \u0160tiavnica Explore the apartments Accommodation in Bansk\u00e1 \u0160tiavnica Apartments Opera are located in the historic center of Bansk\u00e1 \u0160tiavnica, just a few minutes&#8217; walk from the Holy Trinity Square, Old Castle, New Castle and other sights that are definitely worth visiting in our city. [&hellip;]<\/p>\n","protected":false},"author":3,"featured_media":0,"parent":0,"menu_order":0,"comment_status":"closed","ping_status":"closed","template":"","meta":{"footnotes":""},"class_list":["post-769","page","type-page","status-publish","hentry"],"_links":{"self":[{"href":"https:\/\/www.apartmanyopera.sk\/en\/wp-json\/wp\/v2\/pages\/769","targetHints":{"allow":["GET"]}}],"collection":[{"href":"https:\/\/www.apartmanyopera.sk\/en\/wp-json\/wp\/v2\/pages"}],"about":[{"href":"https:\/\/www.apartmanyopera.sk\/en\/wp-json\/wp\/v2\/types\/page"}],"author":[{"embeddable":true,"href":"https:\/\/www.apartmanyopera.sk\/en\/wp-json\/wp\/v2\/users\/3"}],"replies":[{"embeddable":true,"href":"https:\/\/www.apartmanyopera.sk\/en\/wp-json\/wp\/v2\/comments?post=769"}],"version-history":[{"count":0,"href":"https:\/\/www.apartmanyopera.sk\/en\/wp-json\/wp\/v2\/pages\/769\/revisions"}],"wp:attachment":[{"href":"https:\/\/www.apartmanyopera.sk\/en\/wp-json\/wp\/v2\/media?parent=769"}],"curies":[{"name":"wp","href":"https:\/\/api.w.org\/{rel}","templated":true}]}}